{"id":2070,"date":"2024-04-25T17:52:26","date_gmt":"2024-04-25T15:52:26","guid":{"rendered":"https:\/\/procon.tv\/home\/?page_id=2070"},"modified":"2024-08-15T10:09:22","modified_gmt":"2024-08-15T08:09:22","slug":"sps-programmierung","status":"publish","type":"page","link":"https:\/\/procon.tv\/home\/sps-programmierung\/","title":{"rendered":"SPS Programmierung"},"content":{"rendered":"\t\t<div data-elementor-type=\"wp-page\" data-elementor-id=\"2070\" class=\"elementor elementor-2070\">\n\t\t\t\t<div class=\"elementor-element elementor-element-17a4419e e-con-full e-flex e-con e-parent\" data-id=\"17a4419e\" data-element_type=\"container\" data-e-type=\"container\" data-settings=\"{&quot;background_background&quot;:&quot;slideshow&quot;,&quot;background_slideshow_gallery&quot;:[{&quot;id&quot;:3785,&quot;url&quot;:&quot;https:\\\/\\\/procon.tv\\\/home\\\/wp-content\\\/uploads\\\/2024\\\/07\\\/1-2.png&quot;}],&quot;background_slideshow_slide_transition&quot;:&quot;slide_right&quot;,&quot;background_slideshow_ken_burns&quot;:&quot;yes&quot;,&quot;background_slideshow_loop&quot;:&quot;yes&quot;,&quot;background_slideshow_slide_duration&quot;:5000,&quot;background_slideshow_transition_duration&quot;:500,&quot;background_slideshow_ken_burns_zoom_direction&quot;:&quot;in&quot;}\">\n\t\t\t\t<\/div>\n\t\t\t\t<section class=\"elementor-section elementor-top-section elementor-element elementor-element-fpclhp8 elementor-section-boxed elementor-section-height-default elementor-section-height-default\" data-id=\"fpclhp8\" data-element_type=\"section\" data-e-type=\"section\" data-settings=\"{&quot;background_background&quot;:&quot;classic&quot;}\">\n\t\t\t\t\t\t<div class=\"elementor-container elementor-column-gap-default\">\n\t\t\t\t\t<div class=\"elementor-column elementor-col-100 elementor-top-column elementor-element elementor-element-e227f73\" data-id=\"e227f73\" data-element_type=\"column\" data-e-type=\"column\" data-settings=\"{&quot;background_background&quot;:&quot;classic&quot;}\">\n\t\t\t<div class=\"elementor-widget-wrap\">\n\t\t\t\t\t\t\t<\/div>\n\t\t<\/div>\n\t\t\t\t\t<\/div>\n\t\t<\/section>\n\t\t\t\t<section class=\"elementor-section elementor-top-section elementor-element elementor-element-12933d4b elementor-section-content-middle elementor-section-boxed elementor-section-height-default elementor-section-height-default\" data-id=\"12933d4b\" data-element_type=\"section\" data-e-type=\"section\" data-settings=\"{&quot;background_background&quot;:&quot;classic&quot;}\">\n\t\t\t\t\t\t<div class=\"elementor-container elementor-column-gap-no\">\n\t\t\t\t\t<div class=\"elementor-column elementor-col-50 elementor-top-column elementor-element elementor-element-2caecf38\" data-id=\"2caecf38\" data-element_type=\"column\" data-e-type=\"column\" data-settings=\"{&quot;background_background&quot;:&quot;classic&quot;}\">\n\t\t\t<div class=\"elementor-widget-wrap elementor-element-populated\">\n\t\t\t\t\t\t<div class=\"elementor-element elementor-element-3026fbc2 elementor-widget elementor-widget-image-box\" data-id=\"3026fbc2\" data-element_type=\"widget\" data-e-type=\"widget\" data-widget_type=\"image-box.default\">\n\t\t\t\t<div class=\"elementor-widget-container\">\n\t\t\t\t\t<div class=\"elementor-image-box-wrapper\"><div class=\"elementor-image-box-content\"><h3 class=\"elementor-image-box-title\">Siemens<\/h3><p class=\"elementor-image-box-description\">Von der Idee zur Fertigen Maschine oder Anlage \nWir begleiten Sie bei jedem Schritt der Anlagenkozeption.<br>\n<br> Basic Engineering<br> \nAnlagen Konzepte,Siemens Komponenten Harware Konfiguration, Schnittstellen Konfiguration. Netzwerk Aufbau.<br> \n<br>Detail Engineering<br>\nProgrammerstellung f\u00fcr alle Siemens CPU Versionen. TIA, WinCC, Erstellung von Fuktionsbausteinen, Logischen Ab\u00e4ufen Drive Konzepten Komplettl\u00f6sungen f\u00fcr Steuerung Antiebstechnik und Digitalisierung.<\/p><\/div><\/div>\t\t\t\t<\/div>\n\t\t\t\t<\/div>\n\t\t\t\t\t<\/div>\n\t\t<\/div>\n\t\t\t\t<div class=\"elementor-column elementor-col-50 elementor-top-column elementor-element elementor-element-4bcce774\" data-id=\"4bcce774\" data-element_type=\"column\" data-e-type=\"column\" data-settings=\"{&quot;background_background&quot;:&quot;classic&quot;}\">\n\t\t\t<div class=\"elementor-widget-wrap elementor-element-populated\">\n\t\t\t\t\t\t<div class=\"elementor-element elementor-element-5f3cbb52 elementor-invisible elementor-widget elementor-widget-image\" data-id=\"5f3cbb52\" data-element_type=\"widget\" data-e-type=\"widget\" data-settings=\"{&quot;_animation&quot;:&quot;fadeIn&quot;}\" data-widget_type=\"image.default\">\n\t\t\t\t<div class=\"elementor-widget-container\">\n\t\t\t\t\t\t\t\t\t\t\t\t<figure class=\"wp-caption\">\n\t\t\t\t\t\t\t\t\t\t<img fetchpriority=\"high\" decoding=\"async\" width=\"1080\" height=\"1080\" src=\"https:\/\/procon.tv\/home\/wp-content\/uploads\/2024\/07\/1-5.png\" class=\"elementor-animation-hang attachment-full size-full wp-image-4072\" alt=\"\" srcset=\"https:\/\/procon.tv\/home\/wp-content\/uploads\/2024\/07\/1-5.png 1080w, https:\/\/procon.tv\/home\/wp-content\/uploads\/2024\/07\/1-5-300x300.png 300w, https:\/\/procon.tv\/home\/wp-content\/uploads\/2024\/07\/1-5-1024x1024.png 1024w, https:\/\/procon.tv\/home\/wp-content\/uploads\/2024\/07\/1-5-150x150.png 150w, https:\/\/procon.tv\/home\/wp-content\/uploads\/2024\/07\/1-5-768x768.png 768w\" sizes=\"(max-width: 1080px) 100vw, 1080px\" \/>\t\t\t\t\t\t\t\t\t\t\t<figcaption class=\"widget-image-caption wp-caption-text\">Siemens<\/figcaption>\n\t\t\t\t\t\t\t\t\t\t<\/figure>\n\t\t\t\t\t\t\t\t\t<\/div>\n\t\t\t\t<\/div>\n\t\t\t\t\t<\/div>\n\t\t<\/div>\n\t\t\t\t\t<\/div>\n\t\t<\/section>\n\t\t\t\t<section class=\"elementor-section elementor-top-section elementor-element elementor-element-376d752 elementor-section-content-middle elementor-section-boxed elementor-section-height-default elementor-section-height-default\" data-id=\"376d752\" data-element_type=\"section\" data-e-type=\"section\" data-settings=\"{&quot;background_background&quot;:&quot;classic&quot;}\">\n\t\t\t\t\t\t<div class=\"elementor-container elementor-column-gap-no\">\n\t\t\t\t\t<div class=\"elementor-column elementor-col-50 elementor-top-column elementor-element elementor-element-0892e92\" data-id=\"0892e92\" data-element_type=\"column\" data-e-type=\"column\" data-settings=\"{&quot;background_background&quot;:&quot;classic&quot;}\">\n\t\t\t<div class=\"elementor-widget-wrap elementor-element-populated\">\n\t\t\t\t\t\t<div class=\"elementor-element elementor-element-8b6c867 elementor-invisible elementor-widget elementor-widget-image\" data-id=\"8b6c867\" data-element_type=\"widget\" data-e-type=\"widget\" data-settings=\"{&quot;_animation&quot;:&quot;fadeIn&quot;}\" data-widget_type=\"image.default\">\n\t\t\t\t<div class=\"elementor-widget-container\">\n\t\t\t\t\t\t\t\t\t\t\t\t<figure class=\"wp-caption\">\n\t\t\t\t\t\t\t\t\t\t<img decoding=\"async\" width=\"550\" height=\"550\" src=\"https:\/\/procon.tv\/home\/wp-content\/uploads\/2024\/07\/Beckhoff-pc-1.webp\" class=\"elementor-animation-hang attachment-full size-full wp-image-5460\" alt=\"\" srcset=\"https:\/\/procon.tv\/home\/wp-content\/uploads\/2024\/07\/Beckhoff-pc-1.webp 550w, https:\/\/procon.tv\/home\/wp-content\/uploads\/2024\/07\/Beckhoff-pc-1-300x300.webp 300w, https:\/\/procon.tv\/home\/wp-content\/uploads\/2024\/07\/Beckhoff-pc-1-150x150.webp 150w\" sizes=\"(max-width: 550px) 100vw, 550px\" \/>\t\t\t\t\t\t\t\t\t\t\t<figcaption class=\"widget-image-caption wp-caption-text\">Beckhoff<\/figcaption>\n\t\t\t\t\t\t\t\t\t\t<\/figure>\n\t\t\t\t\t\t\t\t\t<\/div>\n\t\t\t\t<\/div>\n\t\t\t\t\t<\/div>\n\t\t<\/div>\n\t\t\t\t<div class=\"elementor-column elementor-col-50 elementor-top-column elementor-element elementor-element-2172008\" data-id=\"2172008\" data-element_type=\"column\" data-e-type=\"column\" data-settings=\"{&quot;background_background&quot;:&quot;classic&quot;}\">\n\t\t\t<div class=\"elementor-widget-wrap elementor-element-populated\">\n\t\t\t\t\t\t<div class=\"elementor-element elementor-element-bc5eb75 elementor-widget elementor-widget-image-box\" data-id=\"bc5eb75\" data-element_type=\"widget\" data-e-type=\"widget\" data-widget_type=\"image-box.default\">\n\t\t\t\t<div class=\"elementor-widget-container\">\n\t\t\t\t\t<div class=\"elementor-image-box-wrapper\"><div class=\"elementor-image-box-content\"><h3 class=\"elementor-image-box-title\">Das Steuerungssystem f\u00fcr die Prozessautomatisierung: PC-based Control<\/h3><p class=\"elementor-image-box-description\">In der Prozessindustrie sind zunehmend innovative Automatisierungsl\u00f6sungen gefragt, die unter Ber\u00fccksichtigung von Produktionsqualit\u00e4t und\u202f-sicherheit\u202feine Effizienzsteigerung realisieren. Die Entwicklung neuer Technologien er\u00f6ffnet hier M\u00f6glichkeiten, sowohl bei modernen Neuanlagen als auch durch die Nachr\u00fcstung von Bestandsanlagen, die Produktionsprozesse zu optimieren. Beckhoff bietet offene Automatisierungsl\u00f6sungen, die genau diese Anforderungen erf\u00fcllen. \nMit einem durchg\u00e4ngigen Komponentenbaukasten und einem tiefen, branchen\u00fcbergreifenden Know-how realisiert Beckhoff offene Automatisierungssysteme auf der Grundlage PC-basierter Steuerungstechnik. Dabei werden alle Steuerungsfunktionen, wie SPS, Visualisierung, Cloud-Anbindung, Sicherheits- und Messtechnik auf einer durchg\u00e4ngigen Plattform integriert. <\/p><\/div><\/div>\t\t\t\t<\/div>\n\t\t\t\t<\/div>\n\t\t\t\t\t<\/div>\n\t\t<\/div>\n\t\t\t\t\t<\/div>\n\t\t<\/section>\n\t\t\t\t<section class=\"elementor-section elementor-top-section elementor-element elementor-element-39da33a elementor-section-content-middle elementor-section-boxed elementor-section-height-default elementor-section-height-default\" data-id=\"39da33a\" data-element_type=\"section\" data-e-type=\"section\" data-settings=\"{&quot;background_background&quot;:&quot;classic&quot;}\">\n\t\t\t\t\t\t<div class=\"elementor-container elementor-column-gap-no\">\n\t\t\t\t\t<div class=\"elementor-column elementor-col-50 elementor-top-column elementor-element elementor-element-b87fd48\" data-id=\"b87fd48\" data-element_type=\"column\" data-e-type=\"column\" data-settings=\"{&quot;background_background&quot;:&quot;classic&quot;}\">\n\t\t\t<div class=\"elementor-widget-wrap elementor-element-populated\">\n\t\t\t\t\t\t<div class=\"elementor-element elementor-element-8c1a501 elementor-widget elementor-widget-image-box\" data-id=\"8c1a501\" data-element_type=\"widget\" data-e-type=\"widget\" data-widget_type=\"image-box.default\">\n\t\t\t\t<div class=\"elementor-widget-container\">\n\t\t\t\t\t<div class=\"elementor-image-box-wrapper\"><div class=\"elementor-image-box-content\"><h3 class=\"elementor-image-box-title\">Die Technologie f\u00fcr industrielle Automatisierungssysteme entwickelt sich rasend schnell. Dies erfordert, dass Ger\u00e4te im Fertigungsbereich enger mit dem Rest des Unternehmens vernetzt werden. Sichere Netzwerkinfrastruktur, intelligente Ger\u00e4te, die Daten effizient erfassen, und die F\u00e4higkeit haben aus diesen Daten aussagekr\u00e4ftige Informationen abzuleiten.<\/h3><p class=\"elementor-image-box-description\">Wer Steuerungen und Informationen unternehmensweit integriert, gewinnt die M\u00f6glichkeit, seinen Betrieb zu optimieren, weil Anlagen, Standorte und Mitarbeitende eng vernetzt arbeiten k\u00f6nnen. Procon Projektiert und Installiert industriellen Automatisierung und Steuerungstechnik mit Rockwell Komponenten. Steuerungssysteme, Motorsteuerungen und intelligenten Ger\u00e4te. Automatisieren Sie h\u00f6chst Effizient mit Rockwell.<\/p><\/div><\/div>\t\t\t\t<\/div>\n\t\t\t\t<\/div>\n\t\t\t\t\t<\/div>\n\t\t<\/div>\n\t\t\t\t<div class=\"elementor-column elementor-col-50 elementor-top-column elementor-element elementor-element-b4eb7f0\" data-id=\"b4eb7f0\" data-element_type=\"column\" data-e-type=\"column\" data-settings=\"{&quot;background_background&quot;:&quot;classic&quot;}\">\n\t\t\t<div class=\"elementor-widget-wrap elementor-element-populated\">\n\t\t\t\t\t\t<div class=\"elementor-element elementor-element-b789591 elementor-invisible elementor-widget elementor-widget-image\" data-id=\"b789591\" data-element_type=\"widget\" data-e-type=\"widget\" data-settings=\"{&quot;_animation&quot;:&quot;fadeIn&quot;}\" data-widget_type=\"image.default\">\n\t\t\t\t<div class=\"elementor-widget-container\">\n\t\t\t\t\t\t\t\t\t\t\t\t<figure class=\"wp-caption\">\n\t\t\t\t\t\t\t\t\t\t<img decoding=\"async\" width=\"1080\" height=\"1080\" src=\"https:\/\/procon.tv\/home\/wp-content\/uploads\/2024\/07\/2-5.png\" class=\"elementor-animation-hang attachment-full size-full wp-image-4079\" alt=\"\" srcset=\"https:\/\/procon.tv\/home\/wp-content\/uploads\/2024\/07\/2-5.png 1080w, https:\/\/procon.tv\/home\/wp-content\/uploads\/2024\/07\/2-5-300x300.png 300w, https:\/\/procon.tv\/home\/wp-content\/uploads\/2024\/07\/2-5-1024x1024.png 1024w, https:\/\/procon.tv\/home\/wp-content\/uploads\/2024\/07\/2-5-150x150.png 150w, https:\/\/procon.tv\/home\/wp-content\/uploads\/2024\/07\/2-5-768x768.png 768w\" sizes=\"(max-width: 1080px) 100vw, 1080px\" \/>\t\t\t\t\t\t\t\t\t\t\t<figcaption class=\"widget-image-caption wp-caption-text\">Rockwell Automation<\/figcaption>\n\t\t\t\t\t\t\t\t\t\t<\/figure>\n\t\t\t\t\t\t\t\t\t<\/div>\n\t\t\t\t<\/div>\n\t\t\t\t\t<\/div>\n\t\t<\/div>\n\t\t\t\t\t<\/div>\n\t\t<\/section>\n\t\t\t\t<section class=\"elementor-section elementor-top-section elementor-element elementor-element-7e6dae4 elementor-section-content-middle elementor-section-boxed elementor-section-height-default elementor-section-height-default\" data-id=\"7e6dae4\" data-element_type=\"section\" data-e-type=\"section\" data-settings=\"{&quot;background_background&quot;:&quot;classic&quot;}\">\n\t\t\t\t\t\t<div class=\"elementor-container elementor-column-gap-no\">\n\t\t\t\t\t<div class=\"elementor-column elementor-col-50 elementor-top-column elementor-element elementor-element-d88e6fc\" data-id=\"d88e6fc\" data-element_type=\"column\" data-e-type=\"column\" data-settings=\"{&quot;background_background&quot;:&quot;classic&quot;}\">\n\t\t\t<div class=\"elementor-widget-wrap elementor-element-populated\">\n\t\t\t\t\t\t<div class=\"elementor-element elementor-element-bcec4a3 elementor-invisible elementor-widget elementor-widget-image\" data-id=\"bcec4a3\" data-element_type=\"widget\" data-e-type=\"widget\" data-settings=\"{&quot;_animation&quot;:&quot;fadeIn&quot;}\" data-widget_type=\"image.default\">\n\t\t\t\t<div class=\"elementor-widget-container\">\n\t\t\t\t\t\t\t\t\t\t\t\t<figure class=\"wp-caption\">\n\t\t\t\t\t\t\t\t\t\t<img loading=\"lazy\" decoding=\"async\" width=\"500\" height=\"500\" src=\"https:\/\/procon.tv\/home\/wp-content\/uploads\/2024\/07\/IFM-PLC.jpeg\" class=\"elementor-animation-hang attachment-full size-full wp-image-5475\" alt=\"\" srcset=\"https:\/\/procon.tv\/home\/wp-content\/uploads\/2024\/07\/IFM-PLC.jpeg 500w, https:\/\/procon.tv\/home\/wp-content\/uploads\/2024\/07\/IFM-PLC-300x300.jpeg 300w, https:\/\/procon.tv\/home\/wp-content\/uploads\/2024\/07\/IFM-PLC-150x150.jpeg 150w\" sizes=\"(max-width: 500px) 100vw, 500px\" \/>\t\t\t\t\t\t\t\t\t\t\t<figcaption class=\"widget-image-caption wp-caption-text\">IFM Ecomatmobil<\/figcaption>\n\t\t\t\t\t\t\t\t\t\t<\/figure>\n\t\t\t\t\t\t\t\t\t<\/div>\n\t\t\t\t<\/div>\n\t\t\t\t\t<\/div>\n\t\t<\/div>\n\t\t\t\t<div class=\"elementor-column elementor-col-50 elementor-top-column elementor-element elementor-element-7266142\" data-id=\"7266142\" data-element_type=\"column\" data-e-type=\"column\" data-settings=\"{&quot;background_background&quot;:&quot;classic&quot;}\">\n\t\t\t<div class=\"elementor-widget-wrap elementor-element-populated\">\n\t\t\t\t\t\t<div class=\"elementor-element elementor-element-801bb09 elementor-widget elementor-widget-image-box\" data-id=\"801bb09\" data-element_type=\"widget\" data-e-type=\"widget\" data-widget_type=\"image-box.default\">\n\t\t\t\t<div class=\"elementor-widget-container\">\n\t\t\t\t\t<div class=\"elementor-image-box-wrapper\"><div class=\"elementor-image-box-content\"><h3 class=\"elementor-image-box-title\">Steuerungen<\/h3><p class=\"elementor-image-box-description\">Die ifm-Steuerungen der Reihe ecomatmobile sind f\u00fcr den Einsatz unter erschwerten Bedingungen ausgelegt. Sie sind zum direkten Einbau in Fahrzeuge und mobile Arbeitsmaschinen geeignet.\u00a0\nDie Steuerungen verarbeiten schnell und zuverl\u00e4ssig die von Sensoren erzeugten Signale und stellen sie den Aktuatoren zur Verf\u00fcgung. Neben multifunktionalen Ein- und Ausg\u00e4ngen f\u00fcr unterschiedliche Einsatzbereiche ist jede Steuerung mit mehreren CAN-Schnittstellen ausger\u00fcstet. Daten aus dem Motorsteuerger\u00e4t k\u00f6nnen mit Hilfe des J1939-Protokolls verarbeitet werden.\nDie Funktionalit\u00e4t der Steuerung l\u00e4sst sich einfach und pr\u00e4zise mittels der Programmiersoftware CODESYS nach IEC 61131-3 auf die jeweiligen Einsatzf\u00e4lle anpassen.<\/p><\/div><\/div>\t\t\t\t<\/div>\n\t\t\t\t<\/div>\n\t\t\t\t\t<\/div>\n\t\t<\/div>\n\t\t\t\t\t<\/div>\n\t\t<\/section>\n\t\t\t\t<\/div>\n\t\t","protected":false},"excerpt":{"rendered":"<p>SPS Programmierung Professionelle Planung und Ausf\u00fchrung von modernsten Automatisierungstechnik und Maschinensteuerungen f\u00fcr industrielle Produktionsanlagen. Programmierung der G\u00e4ngigsten SPS CPU mit Entwicklungsumgebungen wir TIA, Factory Talk, TwinCAD. Siemens Von der Idee zur Fertigen Maschine oder Anlage Wir begleiten Sie bei jedem Schritt der Anlagenkozeption. Basic Engineering Anlagen Konzepte,Siemens Komponenten Harware Konfiguration, Schnittstellen Konfiguration. Netzwerk Aufbau. Detail [&hellip;]<\/p>\n","protected":false},"author":2,"featured_media":0,"parent":0,"menu_order":0,"comment_status":"closed","ping_status":"closed","template":"","meta":{"_uag_custom_page_level_css":"","site-sidebar-layout":"no-sidebar","site-content-layout":"page-builder","ast-site-content-layout":"full-width-container","site-content-style":"default","site-sidebar-style":"default","ast-global-header-display":"","ast-banner-title-visibility":"","ast-main-header-display":"","ast-hfb-above-header-display":"","ast-hfb-below-header-display":"","ast-hfb-mobile-header-display":"","site-post-title":"disabled","ast-breadcrumbs-content":"","ast-featured-img":"disabled","footer-sml-layout":"","theme-transparent-header-meta":"default","adv-header-id-meta":"","stick-header-meta":"","header-above-stick-meta":"","header-main-stick-meta":"","header-below-stick-meta":"","astra-migrate-meta-layouts":"set","ast-page-background-enabled":"default","ast-page-background-meta":{"desktop":{"background-color":"var(--ast-global-color-4)","background-image":"","background-repeat":"repeat","background-position":"center center","background-size":"auto","background-attachment":"scroll","background-type":"","background-media":"","overlay-type":"","overlay-color":"","overlay-opacity":"","overlay-gradient":""},"tablet":{"background-color":"","background-image":"","background-repeat":"repeat","background-position":"center center","background-size":"auto","background-attachment":"scroll","background-type":"","background-media":"","overlay-type":"","overlay-color":"","overlay-opacity":"","overlay-gradient":""},"mobile":{"background-color":"","background-image":"","background-repeat":"repeat","background-position":"center center","background-size":"auto","background-attachment":"scroll","background-type":"","background-media":"","overlay-type":"","overlay-color":"","overlay-opacity":"","overlay-gradient":""}},"ast-content-background-meta":{"desktop":{"background-color":"var(--ast-global-color-5)","background-image":"","background-repeat":"repeat","background-position":"center center","background-size":"auto","background-attachment":"scroll","background-type":"","background-media":"","overlay-type":"","overlay-color":"","overlay-opacity":"","overlay-gradient":""},"tablet":{"background-color":"var(--ast-global-color-5)","background-image":"","background-repeat":"repeat","background-position":"center center","background-size":"auto","background-attachment":"scroll","background-type":"","background-media":"","overlay-type":"","overlay-color":"","overlay-opacity":"","overlay-gradient":""},"mobile":{"background-color":"var(--ast-global-color-5)","background-image":"","background-repeat":"repeat","background-position":"center center","background-size":"auto","background-attachment":"scroll","background-type":"","background-media":"","overlay-type":"","overlay-color":"","overlay-opacity":"","overlay-gradient":""}},"footnotes":""},"class_list":["post-2070","page","type-page","status-publish","hentry"],"uagb_featured_image_src":{"full":false,"thumbnail":false,"medium":false,"medium_large":false,"large":false,"1536x1536":false,"2048x2048":false},"uagb_author_info":{"display_name":"Marivic Bernaldo","author_link":"https:\/\/procon.tv\/home\/author\/m-bernaldo\/"},"uagb_comment_info":0,"uagb_excerpt":"SPS Programmierung Professionelle Planung und Ausf\u00fchrung von modernsten Automatisierungstechnik und Maschinensteuerungen f\u00fcr industrielle Produktionsanlagen. Programmierung der G\u00e4ngigsten SPS CPU mit Entwicklungsumgebungen wir TIA, Factory Talk, TwinCAD. Siemens Von der Idee zur Fertigen Maschine oder Anlage Wir begleiten Sie bei jedem Schritt der Anlagenkozeption. Basic Engineering Anlagen Konzepte,Siemens Komponenten Harware Konfiguration, Schnittstellen Konfiguration. Netzwerk Aufbau. Detail&hellip;","_links":{"self":[{"href":"https:\/\/procon.tv\/home\/wp-json\/wp\/v2\/pages\/2070","targetHints":{"allow":["GET"]}}],"collection":[{"href":"https:\/\/procon.tv\/home\/wp-json\/wp\/v2\/pages"}],"about":[{"href":"https:\/\/procon.tv\/home\/wp-json\/wp\/v2\/types\/page"}],"author":[{"embeddable":true,"href":"https:\/\/procon.tv\/home\/wp-json\/wp\/v2\/users\/2"}],"replies":[{"embeddable":true,"href":"https:\/\/procon.tv\/home\/wp-json\/wp\/v2\/comments?post=2070"}],"version-history":[{"count":981,"href":"https:\/\/procon.tv\/home\/wp-json\/wp\/v2\/pages\/2070\/revisions"}],"predecessor-version":[{"id":8328,"href":"https:\/\/procon.tv\/home\/wp-json\/wp\/v2\/pages\/2070\/revisions\/8328"}],"wp:attachment":[{"href":"https:\/\/procon.tv\/home\/wp-json\/wp\/v2\/media?parent=2070"}],"curies":[{"name":"wp","href":"https:\/\/api.w.org\/{rel}","templated":true}]}}