{"id":2074,"date":"2024-04-25T18:02:23","date_gmt":"2024-04-25T16:02:23","guid":{"rendered":"https:\/\/procon.tv\/home\/?page_id=2074"},"modified":"2024-08-15T10:12:01","modified_gmt":"2024-08-15T08:12:01","slug":"scada-visualisierung","status":"publish","type":"page","link":"https:\/\/procon.tv\/home\/scada-visualisierung\/","title":{"rendered":"Scada Visualisierung"},"content":{"rendered":"\t\t<div data-elementor-type=\"wp-page\" data-elementor-id=\"2074\" class=\"elementor elementor-2074\">\n\t\t\t\t<div class=\"elementor-element elementor-element-1f4f9087 e-con-full e-flex e-con e-parent\" data-id=\"1f4f9087\" data-element_type=\"container\" data-e-type=\"container\" data-settings=\"{&quot;background_background&quot;:&quot;slideshow&quot;,&quot;background_slideshow_gallery&quot;:[{&quot;id&quot;:3793,&quot;url&quot;:&quot;https:\\\/\\\/procon.tv\\\/home\\\/wp-content\\\/uploads\\\/2024\\\/07\\\/3-3.png&quot;}],&quot;background_slideshow_slide_transition&quot;:&quot;slide_right&quot;,&quot;background_slideshow_ken_burns&quot;:&quot;yes&quot;,&quot;background_slideshow_loop&quot;:&quot;yes&quot;,&quot;background_slideshow_slide_duration&quot;:5000,&quot;background_slideshow_transition_duration&quot;:500,&quot;background_slideshow_ken_burns_zoom_direction&quot;:&quot;in&quot;}\">\n\t\t\t\t<\/div>\n\t\t\t\t<section class=\"elementor-section elementor-top-section elementor-element elementor-element-10141a52 elementor-section-boxed elementor-section-height-default elementor-section-height-default\" data-id=\"10141a52\" data-element_type=\"section\" data-e-type=\"section\" data-settings=\"{&quot;background_background&quot;:&quot;classic&quot;}\">\n\t\t\t\t\t\t<div class=\"elementor-container elementor-column-gap-default\">\n\t\t\t\t\t<div class=\"elementor-column elementor-col-100 elementor-top-column elementor-element elementor-element-4de02e9e\" data-id=\"4de02e9e\" data-element_type=\"column\" data-e-type=\"column\" data-settings=\"{&quot;background_background&quot;:&quot;classic&quot;}\">\n\t\t\t<div class=\"elementor-widget-wrap\">\n\t\t\t\t\t\t\t<\/div>\n\t\t<\/div>\n\t\t\t\t\t<\/div>\n\t\t<\/section>\n\t\t\t\t<section class=\"elementor-section elementor-top-section elementor-element elementor-element-601830b9 elementor-section-content-middle elementor-section-boxed elementor-section-height-default elementor-section-height-default\" data-id=\"601830b9\" data-element_type=\"section\" data-e-type=\"section\" data-settings=\"{&quot;background_background&quot;:&quot;classic&quot;}\">\n\t\t\t\t\t\t<div class=\"elementor-container elementor-column-gap-no\">\n\t\t\t\t\t<div class=\"elementor-column elementor-col-50 elementor-top-column elementor-element elementor-element-2d21a585\" data-id=\"2d21a585\" data-element_type=\"column\" data-e-type=\"column\" data-settings=\"{&quot;background_background&quot;:&quot;classic&quot;}\">\n\t\t\t<div class=\"elementor-widget-wrap elementor-element-populated\">\n\t\t\t\t\t\t<div class=\"elementor-element elementor-element-43361ea2 elementor-widget elementor-widget-image-box\" data-id=\"43361ea2\" data-element_type=\"widget\" data-e-type=\"widget\" data-widget_type=\"image-box.default\">\n\t\t\t\t<div class=\"elementor-widget-container\">\n\t\t\t\t\t<div class=\"elementor-image-box-wrapper\"><div class=\"elementor-image-box-content\"><h3 class=\"elementor-image-box-title\">Effiziente SCADA-L\u00f6sungen f\u00fcr Ihren Kontrollraum<\/h3><p class=\"elementor-image-box-description\">Optimieren Sie Ihre industrielle Prozesssteuerung mit unserer ma\u00dfgeschneiderten SCADA-Software. Wir entwickeln intuitive und zuverl\u00e4ssige L\u00f6sungen, die Ihnen Echtzeit\u00fcberwachung und -steuerung erm\u00f6glichen. <br>\n <br>Mit unserer Software haben Sie alle Daten und Prozesse jederzeit im Blick \u2013 sicher, effizient und benutzerfreundlich. Vertrauen Sie auf unsere Expertise und lassen Sie uns gemeinsam Ihre Produktionsabl\u00e4ufe auf das n\u00e4chste Level heben.\n<\/p><\/div><\/div>\t\t\t\t<\/div>\n\t\t\t\t<\/div>\n\t\t\t\t\t<\/div>\n\t\t<\/div>\n\t\t\t\t<div class=\"elementor-column elementor-col-50 elementor-top-column elementor-element elementor-element-7103bd5d\" data-id=\"7103bd5d\" data-element_type=\"column\" data-e-type=\"column\" data-settings=\"{&quot;background_background&quot;:&quot;classic&quot;}\">\n\t\t\t<div class=\"elementor-widget-wrap elementor-element-populated\">\n\t\t\t\t\t\t<div class=\"elementor-element elementor-element-3ceb0667 elementor-invisible elementor-widget elementor-widget-image\" data-id=\"3ceb0667\" data-element_type=\"widget\" data-e-type=\"widget\" data-settings=\"{&quot;_animation&quot;:&quot;fadeIn&quot;}\" data-widget_type=\"image.default\">\n\t\t\t\t<div class=\"elementor-widget-container\">\n\t\t\t\t\t\t\t\t\t\t\t\t\t\t\t<img fetchpriority=\"high\" decoding=\"async\" width=\"583\" height=\"323\" src=\"https:\/\/procon.tv\/home\/wp-content\/uploads\/2024\/08\/SCADA-Control-Room.png\" class=\"elementor-animation-hang attachment-full size-full wp-image-6566\" alt=\"\" srcset=\"https:\/\/procon.tv\/home\/wp-content\/uploads\/2024\/08\/SCADA-Control-Room.png 583w, https:\/\/procon.tv\/home\/wp-content\/uploads\/2024\/08\/SCADA-Control-Room-300x166.png 300w\" sizes=\"(max-width: 583px) 100vw, 583px\" \/>\t\t\t\t\t\t\t\t\t\t\t\t\t\t\t<\/div>\n\t\t\t\t<\/div>\n\t\t\t\t\t<\/div>\n\t\t<\/div>\n\t\t\t\t\t<\/div>\n\t\t<\/section>\n\t\t\t\t<section class=\"elementor-section elementor-top-section elementor-element elementor-element-525f62a elementor-section-content-middle elementor-section-boxed elementor-section-height-default elementor-section-height-default\" data-id=\"525f62a\" data-element_type=\"section\" data-e-type=\"section\" data-settings=\"{&quot;background_background&quot;:&quot;classic&quot;}\">\n\t\t\t\t\t\t<div class=\"elementor-container elementor-column-gap-no\">\n\t\t\t\t\t<div class=\"elementor-column elementor-col-50 elementor-top-column elementor-element elementor-element-27db19e\" data-id=\"27db19e\" data-element_type=\"column\" data-e-type=\"column\" data-settings=\"{&quot;background_background&quot;:&quot;classic&quot;}\">\n\t\t\t<div class=\"elementor-widget-wrap elementor-element-populated\">\n\t\t\t\t\t\t<div class=\"elementor-element elementor-element-9a95775 elementor-invisible elementor-widget elementor-widget-image\" data-id=\"9a95775\" data-element_type=\"widget\" data-e-type=\"widget\" data-settings=\"{&quot;_animation&quot;:&quot;fadeIn&quot;}\" data-widget_type=\"image.default\">\n\t\t\t\t<div class=\"elementor-widget-container\">\n\t\t\t\t\t\t\t\t\t\t\t\t\t\t\t<img decoding=\"async\" width=\"908\" height=\"559\" src=\"https:\/\/procon.tv\/home\/wp-content\/uploads\/2024\/08\/Screenshot-2023-11-14-145439.png\" class=\"elementor-animation-hang attachment-full size-full wp-image-6565\" alt=\"\" srcset=\"https:\/\/procon.tv\/home\/wp-content\/uploads\/2024\/08\/Screenshot-2023-11-14-145439.png 908w, https:\/\/procon.tv\/home\/wp-content\/uploads\/2024\/08\/Screenshot-2023-11-14-145439-300x185.png 300w, https:\/\/procon.tv\/home\/wp-content\/uploads\/2024\/08\/Screenshot-2023-11-14-145439-768x473.png 768w\" sizes=\"(max-width: 908px) 100vw, 908px\" \/>\t\t\t\t\t\t\t\t\t\t\t\t\t\t\t<\/div>\n\t\t\t\t<\/div>\n\t\t\t\t\t<\/div>\n\t\t<\/div>\n\t\t\t\t<div class=\"elementor-column elementor-col-50 elementor-top-column elementor-element elementor-element-c5f9924\" data-id=\"c5f9924\" data-element_type=\"column\" data-e-type=\"column\" data-settings=\"{&quot;background_background&quot;:&quot;classic&quot;}\">\n\t\t\t<div class=\"elementor-widget-wrap elementor-element-populated\">\n\t\t\t\t\t\t<div class=\"elementor-element elementor-element-17f7310 elementor-widget elementor-widget-image-box\" data-id=\"17f7310\" data-element_type=\"widget\" data-e-type=\"widget\" data-widget_type=\"image-box.default\">\n\t\t\t\t<div class=\"elementor-widget-container\">\n\t\t\t\t\t<div class=\"elementor-image-box-wrapper\"><div class=\"elementor-image-box-content\"><h3 class=\"elementor-image-box-title\">Transparente KPI-Darstellung und Produktionsabl\u00e4ufe in Echtzeit<\/h3><p class=\"elementor-image-box-description\">Mit unserer Software visualisieren Sie Ihre wichtigsten KPIs und Produktionsabl\u00e4ufe klar und \u00fcbersichtlich. Unsere L\u00f6sung erm\u00f6glicht Ihnen eine nahtlose \u00dcberwachung und Analyse in Echtzeit, sodass Sie fundierte Entscheidungen treffen und Ihre Effizienz maximieren k\u00f6nnen. Erkennen Sie Trends, optimieren Sie Prozesse und behalten Sie den gesamten Produktionsverlauf stets im Blick \u2013 alles auf einer intuitiven Benutzeroberfl\u00e4che.<\/p><\/div><\/div>\t\t\t\t<\/div>\n\t\t\t\t<\/div>\n\t\t\t\t\t<\/div>\n\t\t<\/div>\n\t\t\t\t\t<\/div>\n\t\t<\/section>\n\t\t\t\t<section class=\"elementor-section elementor-top-section elementor-element elementor-element-508c607 elementor-section-content-middle elementor-section-boxed elementor-section-height-default elementor-section-height-default\" data-id=\"508c607\" data-element_type=\"section\" data-e-type=\"section\" data-settings=\"{&quot;background_background&quot;:&quot;classic&quot;}\">\n\t\t\t\t\t\t<div class=\"elementor-container elementor-column-gap-no\">\n\t\t\t\t\t<div class=\"elementor-column elementor-col-50 elementor-top-column elementor-element elementor-element-b761683\" data-id=\"b761683\" data-element_type=\"column\" data-e-type=\"column\" data-settings=\"{&quot;background_background&quot;:&quot;classic&quot;}\">\n\t\t\t<div class=\"elementor-widget-wrap elementor-element-populated\">\n\t\t\t\t\t\t<div class=\"elementor-element elementor-element-89c23ed elementor-widget elementor-widget-image-box\" data-id=\"89c23ed\" data-element_type=\"widget\" data-e-type=\"widget\" data-widget_type=\"image-box.default\">\n\t\t\t\t<div class=\"elementor-widget-container\">\n\t\t\t\t\t<div class=\"elementor-image-box-wrapper\"><div class=\"elementor-image-box-content\"><h3 class=\"elementor-image-box-title\">MES-L\u00f6sungen und Dashboarding f\u00fcr maximale Transparenz<\/h3><p class=\"elementor-image-box-description\">Bringen Sie Ihre Produktion auf ein neues Niveau mit unseren ma\u00dfgeschneiderten MES-L\u00f6sungen und modernen Dashboards. Unsere Software bietet Ihnen eine umfassende \u00dcbersicht \u00fcber Ihre Produktionsprozesse. Verfolgen Sie Kennzahlen, identifizieren Sie Engp\u00e4sse und optimieren Sie Ihre Abl\u00e4ufe \u2013 alles auf einen Blick. Mit unserer L\u00f6sung behalten Sie die Kontrolle und steigern Ihre Effizienz nachhaltig.<\/p><\/div><\/div>\t\t\t\t<\/div>\n\t\t\t\t<\/div>\n\t\t\t\t\t<\/div>\n\t\t<\/div>\n\t\t\t\t<div class=\"elementor-column elementor-col-50 elementor-top-column elementor-element elementor-element-639a88b\" data-id=\"639a88b\" data-element_type=\"column\" data-e-type=\"column\" data-settings=\"{&quot;background_background&quot;:&quot;classic&quot;}\">\n\t\t\t<div class=\"elementor-widget-wrap elementor-element-populated\">\n\t\t\t\t\t\t<div class=\"elementor-element elementor-element-ac63028 elementor-invisible elementor-widget elementor-widget-image\" data-id=\"ac63028\" data-element_type=\"widget\" data-e-type=\"widget\" data-settings=\"{&quot;_animation&quot;:&quot;fadeIn&quot;}\" data-widget_type=\"image.default\">\n\t\t\t\t<div class=\"elementor-widget-container\">\n\t\t\t\t\t\t\t\t\t\t\t\t\t\t\t<img decoding=\"async\" width=\"2330\" height=\"1325\" src=\"https:\/\/procon.tv\/home\/wp-content\/uploads\/2024\/08\/Screenshot-2024-08-06-134829.png\" class=\"elementor-animation-hang attachment-full size-full wp-image-6567\" alt=\"\" srcset=\"https:\/\/procon.tv\/home\/wp-content\/uploads\/2024\/08\/Screenshot-2024-08-06-134829.png 2330w, https:\/\/procon.tv\/home\/wp-content\/uploads\/2024\/08\/Screenshot-2024-08-06-134829-300x171.png 300w, https:\/\/procon.tv\/home\/wp-content\/uploads\/2024\/08\/Screenshot-2024-08-06-134829-1024x582.png 1024w, https:\/\/procon.tv\/home\/wp-content\/uploads\/2024\/08\/Screenshot-2024-08-06-134829-768x437.png 768w, https:\/\/procon.tv\/home\/wp-content\/uploads\/2024\/08\/Screenshot-2024-08-06-134829-1536x873.png 1536w, https:\/\/procon.tv\/home\/wp-content\/uploads\/2024\/08\/Screenshot-2024-08-06-134829-2048x1165.png 2048w\" sizes=\"(max-width: 2330px) 100vw, 2330px\" \/>\t\t\t\t\t\t\t\t\t\t\t\t\t\t\t<\/div>\n\t\t\t\t<\/div>\n\t\t\t\t\t<\/div>\n\t\t<\/div>\n\t\t\t\t\t<\/div>\n\t\t<\/section>\n\t\t\t\t<section class=\"elementor-section elementor-top-section elementor-element elementor-element-140b46d elementor-section-content-middle elementor-section-boxed elementor-section-height-default elementor-section-height-default\" data-id=\"140b46d\" data-element_type=\"section\" data-e-type=\"section\" data-settings=\"{&quot;background_background&quot;:&quot;classic&quot;}\">\n\t\t\t\t\t\t<div class=\"elementor-container elementor-column-gap-no\">\n\t\t\t\t\t<div class=\"elementor-column elementor-col-50 elementor-top-column elementor-element elementor-element-3bb0ca6\" data-id=\"3bb0ca6\" data-element_type=\"column\" data-e-type=\"column\" data-settings=\"{&quot;background_background&quot;:&quot;classic&quot;}\">\n\t\t\t<div class=\"elementor-widget-wrap elementor-element-populated\">\n\t\t\t\t\t\t<div class=\"elementor-element elementor-element-089f104 elementor-invisible elementor-widget elementor-widget-image\" data-id=\"089f104\" data-element_type=\"widget\" data-e-type=\"widget\" data-settings=\"{&quot;_animation&quot;:&quot;fadeIn&quot;}\" data-widget_type=\"image.default\">\n\t\t\t\t<div class=\"elementor-widget-container\">\n\t\t\t\t\t\t\t\t\t\t\t\t\t\t\t<img loading=\"lazy\" decoding=\"async\" width=\"2330\" height=\"1168\" src=\"https:\/\/procon.tv\/home\/wp-content\/uploads\/2024\/08\/Screenshot-2023-11-23-095021.png\" class=\"elementor-animation-hang attachment-full size-full wp-image-6568\" alt=\"\" srcset=\"https:\/\/procon.tv\/home\/wp-content\/uploads\/2024\/08\/Screenshot-2023-11-23-095021.png 2330w, https:\/\/procon.tv\/home\/wp-content\/uploads\/2024\/08\/Screenshot-2023-11-23-095021-300x150.png 300w, https:\/\/procon.tv\/home\/wp-content\/uploads\/2024\/08\/Screenshot-2023-11-23-095021-1024x513.png 1024w, https:\/\/procon.tv\/home\/wp-content\/uploads\/2024\/08\/Screenshot-2023-11-23-095021-768x385.png 768w, https:\/\/procon.tv\/home\/wp-content\/uploads\/2024\/08\/Screenshot-2023-11-23-095021-1536x770.png 1536w, https:\/\/procon.tv\/home\/wp-content\/uploads\/2024\/08\/Screenshot-2023-11-23-095021-2048x1027.png 2048w\" sizes=\"(max-width: 2330px) 100vw, 2330px\" \/>\t\t\t\t\t\t\t\t\t\t\t\t\t\t\t<\/div>\n\t\t\t\t<\/div>\n\t\t\t\t\t<\/div>\n\t\t<\/div>\n\t\t\t\t<div class=\"elementor-column elementor-col-50 elementor-top-column elementor-element elementor-element-b8df2b1\" data-id=\"b8df2b1\" data-element_type=\"column\" data-e-type=\"column\" data-settings=\"{&quot;background_background&quot;:&quot;classic&quot;}\">\n\t\t\t<div class=\"elementor-widget-wrap elementor-element-populated\">\n\t\t\t\t\t\t<div class=\"elementor-element elementor-element-9da9b05 elementor-widget elementor-widget-image-box\" data-id=\"9da9b05\" data-element_type=\"widget\" data-e-type=\"widget\" data-widget_type=\"image-box.default\">\n\t\t\t\t<div class=\"elementor-widget-container\">\n\t\t\t\t\t<div class=\"elementor-image-box-wrapper\"><div class=\"elementor-image-box-content\"><h3 class=\"elementor-image-box-title\">Effizientes Service Management und digitales Service-User-Manual<\/h3><p class=\"elementor-image-box-description\">Optimieren Sie Ihre Wartungs- und Serviceprozesse mit unserer umfassenden Service-Management-L\u00f6sung. Unsere Software erm\u00f6glicht eine nahtlose Verwaltung Ihrer Serviceauftr\u00e4ge, von der Planung bis zur Durchf\u00fchrung. Zus\u00e4tzlich bieten wir ein digitales Service-User-Manual, das Ihren Mitarbeitern und Kunden jederzeit und \u00fcberall Zugriff auf wichtige Informationen und Anleitungen bietet. Mit uns erh\u00f6hen Sie die Servicequalit\u00e4t und reduzieren gleichzeitig Ausfallzeiten.<\/p><\/div><\/div>\t\t\t\t<\/div>\n\t\t\t\t<\/div>\n\t\t\t\t\t<\/div>\n\t\t<\/div>\n\t\t\t\t\t<\/div>\n\t\t<\/section>\n\t\t\t\t<\/div>\n\t\t","protected":false},"excerpt":{"rendered":"<p>Scada HMI Visualisierung Flexible und Anpassungsf\u00e4hige Scada und HMI Programmierung. Vom Bedinpanel \u00fcber das Handy zum Controllroom auf jedem Device nutzbar Linux, Mac, Windows.Daten Speichern Aufbereiten Analysieren und \u00dcbersichtlich,Verst\u00e4ndlich darstellen. Effiziente SCADA-L\u00f6sungen f\u00fcr Ihren Kontrollraum Optimieren Sie Ihre industrielle Prozesssteuerung mit unserer ma\u00dfgeschneiderten SCADA-Software. Wir entwickeln intuitive und zuverl\u00e4ssige L\u00f6sungen, die Ihnen Echtzeit\u00fcberwachung und -steuerung [&hellip;]<\/p>\n","protected":false},"author":2,"featured_media":0,"parent":0,"menu_order":0,"comment_status":"closed","ping_status":"closed","template":"","meta":{"_uag_custom_page_level_css":"","site-sidebar-layout":"no-sidebar","site-content-layout":"page-builder","ast-site-content-layout":"full-width-container","site-content-style":"default","site-sidebar-style":"default","ast-global-header-display":"","ast-banner-title-visibility":"","ast-main-header-display":"","ast-hfb-above-header-display":"","ast-hfb-below-header-display":"","ast-hfb-mobile-header-display":"","site-post-title":"disabled","ast-breadcrumbs-content":"","ast-featured-img":"disabled","footer-sml-layout":"","theme-transparent-header-meta":"default","adv-header-id-meta":"","stick-header-meta":"","header-above-stick-meta":"","header-main-stick-meta":"","header-below-stick-meta":"","astra-migrate-meta-layouts":"set","ast-page-background-enabled":"default","ast-page-background-meta":{"desktop":{"background-color":"var(--ast-global-color-4)","background-image":"","background-repeat":"repeat","background-position":"center center","background-size":"auto","background-attachment":"scroll","background-type":"","background-media":"","overlay-type":"","overlay-color":"","overlay-opacity":"","overlay-gradient":""},"tablet":{"background-color":"","background-image":"","background-repeat":"repeat","background-position":"center center","background-size":"auto","background-attachment":"scroll","background-type":"","background-media":"","overlay-type":"","overlay-color":"","overlay-opacity":"","overlay-gradient":""},"mobile":{"background-color":"","background-image":"","background-repeat":"repeat","background-position":"center center","background-size":"auto","background-attachment":"scroll","background-type":"","background-media":"","overlay-type":"","overlay-color":"","overlay-opacity":"","overlay-gradient":""}},"ast-content-background-meta":{"desktop":{"background-color":"var(--ast-global-color-5)","background-image":"","background-repeat":"repeat","background-position":"center center","background-size":"auto","background-attachment":"scroll","background-type":"","background-media":"","overlay-type":"","overlay-color":"","overlay-opacity":"","overlay-gradient":""},"tablet":{"background-color":"var(--ast-global-color-5)","background-image":"","background-repeat":"repeat","background-position":"center center","background-size":"auto","background-attachment":"scroll","background-type":"","background-media":"","overlay-type":"","overlay-color":"","overlay-opacity":"","overlay-gradient":""},"mobile":{"background-color":"var(--ast-global-color-5)","background-image":"","background-repeat":"repeat","background-position":"center center","background-size":"auto","background-attachment":"scroll","background-type":"","background-media":"","overlay-type":"","overlay-color":"","overlay-opacity":"","overlay-gradient":""}},"footnotes":""},"class_list":["post-2074","page","type-page","status-publish","hentry"],"uagb_featured_image_src":{"full":false,"thumbnail":false,"medium":false,"medium_large":false,"large":false,"1536x1536":false,"2048x2048":false},"uagb_author_info":{"display_name":"Marivic Bernaldo","author_link":"https:\/\/procon.tv\/home\/author\/m-bernaldo\/"},"uagb_comment_info":0,"uagb_excerpt":"Scada HMI Visualisierung Flexible und Anpassungsf\u00e4hige Scada und HMI Programmierung. Vom Bedinpanel \u00fcber das Handy zum Controllroom auf jedem Device nutzbar Linux, Mac, Windows.Daten Speichern Aufbereiten Analysieren und \u00dcbersichtlich,Verst\u00e4ndlich darstellen. Effiziente SCADA-L\u00f6sungen f\u00fcr Ihren Kontrollraum Optimieren Sie Ihre industrielle Prozesssteuerung mit unserer ma\u00dfgeschneiderten SCADA-Software. Wir entwickeln intuitive und zuverl\u00e4ssige L\u00f6sungen, die Ihnen Echtzeit\u00fcberwachung und -steuerung&hellip;","_links":{"self":[{"href":"https:\/\/procon.tv\/home\/wp-json\/wp\/v2\/pages\/2074","targetHints":{"allow":["GET"]}}],"collection":[{"href":"https:\/\/procon.tv\/home\/wp-json\/wp\/v2\/pages"}],"about":[{"href":"https:\/\/procon.tv\/home\/wp-json\/wp\/v2\/types\/page"}],"author":[{"embeddable":true,"href":"https:\/\/procon.tv\/home\/wp-json\/wp\/v2\/users\/2"}],"replies":[{"embeddable":true,"href":"https:\/\/procon.tv\/home\/wp-json\/wp\/v2\/comments?post=2074"}],"version-history":[{"count":376,"href":"https:\/\/procon.tv\/home\/wp-json\/wp\/v2\/pages\/2074\/revisions"}],"predecessor-version":[{"id":8334,"href":"https:\/\/procon.tv\/home\/wp-json\/wp\/v2\/pages\/2074\/revisions\/8334"}],"wp:attachment":[{"href":"https:\/\/procon.tv\/home\/wp-json\/wp\/v2\/media?parent=2074"}],"curies":[{"name":"wp","href":"https:\/\/api.w.org\/{rel}","templated":true}]}}