{"id":2086,"date":"2024-04-25T18:03:15","date_gmt":"2024-04-25T16:03:15","guid":{"rendered":"https:\/\/procon.tv\/home\/?page_id=2086"},"modified":"2025-11-25T14:57:59","modified_gmt":"2025-11-25T13:57:59","slug":"applikationsentwicklung","status":"publish","type":"page","link":"https:\/\/procon.tv\/home\/applikationsentwicklung\/","title":{"rendered":"Applikationsentwicklung"},"content":{"rendered":"\t\t<div data-elementor-type=\"wp-page\" data-elementor-id=\"2086\" class=\"elementor elementor-2086\">\n\t\t\t\t<div class=\"elementor-element elementor-element-67c79a38 e-con-full e-flex e-con e-parent\" data-id=\"67c79a38\" data-element_type=\"container\" data-e-type=\"container\" data-settings=\"{&quot;background_background&quot;:&quot;slideshow&quot;,&quot;background_slideshow_gallery&quot;:[{&quot;id&quot;:3980,&quot;url&quot;:&quot;https:\\\/\\\/procon.tv\\\/home\\\/wp-content\\\/uploads\\\/2024\\\/07\\\/Applikationsentwicklung.png&quot;}],&quot;background_slideshow_slide_transition&quot;:&quot;slide_right&quot;,&quot;background_slideshow_ken_burns&quot;:&quot;yes&quot;,&quot;background_slideshow_loop&quot;:&quot;yes&quot;,&quot;background_slideshow_slide_duration&quot;:5000,&quot;background_slideshow_transition_duration&quot;:500,&quot;background_slideshow_ken_burns_zoom_direction&quot;:&quot;in&quot;}\">\n\t\t\t\t<\/div>\n\t\t\t\t<section class=\"elementor-section elementor-top-section elementor-element elementor-element-35e042a2 elementor-section-boxed elementor-section-height-default elementor-section-height-default\" data-id=\"35e042a2\" data-element_type=\"section\" data-e-type=\"section\" data-settings=\"{&quot;background_background&quot;:&quot;classic&quot;}\">\n\t\t\t\t\t\t<div class=\"elementor-container elementor-column-gap-default\">\n\t\t\t\t\t<div class=\"elementor-column elementor-col-100 elementor-top-column elementor-element elementor-element-39b93a45\" data-id=\"39b93a45\" data-element_type=\"column\" data-e-type=\"column\" data-settings=\"{&quot;background_background&quot;:&quot;classic&quot;}\">\n\t\t\t<div class=\"elementor-widget-wrap\">\n\t\t\t\t\t\t\t<\/div>\n\t\t<\/div>\n\t\t\t\t\t<\/div>\n\t\t<\/section>\n\t\t\t\t<section class=\"elementor-section elementor-top-section elementor-element elementor-element-2e93d6f elementor-section-content-middle elementor-section-boxed elementor-section-height-default elementor-section-height-default\" data-id=\"2e93d6f\" data-element_type=\"section\" data-e-type=\"section\" data-settings=\"{&quot;background_background&quot;:&quot;classic&quot;}\">\n\t\t\t\t\t\t<div class=\"elementor-container elementor-column-gap-no\">\n\t\t\t\t\t<div class=\"elementor-column elementor-col-100 elementor-top-column elementor-element elementor-element-205daa0\" data-id=\"205daa0\" data-element_type=\"column\" data-e-type=\"column\" data-settings=\"{&quot;background_background&quot;:&quot;classic&quot;}\">\n\t\t\t<div class=\"elementor-widget-wrap elementor-element-populated\">\n\t\t\t\t\t\t<div class=\"elementor-element elementor-element-d7fc65d elementor-widget elementor-widget-image\" data-id=\"d7fc65d\" data-element_type=\"widget\" data-e-type=\"widget\" data-widget_type=\"image.default\">\n\t\t\t\t<div class=\"elementor-widget-container\">\n\t\t\t\t\t\t\t\t\t\t\t\t\t\t\t<img decoding=\"async\" src=\"https:\/\/procon.tv\/home\/wp-content\/uploads\/2024\/08\/Neueste-Kamera-Technik.png\" title=\"Neueste Kamera Technik\" alt=\"Neueste Kamera Technik\" loading=\"lazy\" \/>\t\t\t\t\t\t\t\t\t\t\t\t\t\t\t<\/div>\n\t\t\t\t<\/div>\n\t\t\t\t<div class=\"elementor-element elementor-element-a094629 elementor-widget elementor-widget-heading\" data-id=\"a094629\" data-element_type=\"widget\" data-e-type=\"widget\" data-widget_type=\"heading.default\">\n\t\t\t\t<div class=\"elementor-widget-container\">\n\t\t\t\t\t<h2 class=\"elementor-heading-title elementor-size-default\">Individuelle Applikationsentwicklung \nf\u00fcr die Industrie \u2013 Kameragest\u00fctzte \nQualit\u00e4ts\u00fcberwachung <\/h2>\t\t\t\t<\/div>\n\t\t\t\t<\/div>\n\t\t\t\t<div class=\"elementor-element elementor-element-4f17b41 elementor-widget elementor-widget-text-editor\" data-id=\"4f17b41\" data-element_type=\"widget\" data-e-type=\"widget\" data-widget_type=\"text-editor.default\">\n\t\t\t\t<div class=\"elementor-widget-container\">\n\t\t\t\t\t\t\t\t\t<p>Wir entwickeln ma\u00dfgeschneiderte industrielle Applikationen, die Ihre spezifischen Anforderungen erf\u00fcllen. Unser Schwerpunkt liegt auf der Optischen erfassung von Teilen oder Produktzust\u00e4nden f\u00fcr die Automatisierte KI basierende Qualit\u00e4tskontrolle oder die Automatisierte Steuerung Ihrer Produktionsanlage. Durch den einsatz von KI entstehen L\u00f6sungen, die Ihre Prozesse pr\u00e4zise \u00fcberwachen, analysieren und optimieren. Wir benutzen f\u00fcr unsere Entwicklungen Neueste Technik und Komponenten. Unsere Anwendungen integrieren sich dabei nahtlos in Ihre bestehende Infrastruktur und tragen zur Steigerung der Effizienz und Qualit\u00e4t bei.<\/p>\t\t\t\t\t\t\t\t<\/div>\n\t\t\t\t<\/div>\n\t\t\t\t\t<\/div>\n\t\t<\/div>\n\t\t\t\t\t<\/div>\n\t\t<\/section>\n\t\t\t\t<\/div>\n\t\t","protected":false},"excerpt":{"rendered":"<p>Individuelle Applikationsentwicklung f\u00fcr die Industrie \u2013 Kameragest\u00fctzte Qualit\u00e4ts\u00fcberwachung Wir entwickeln ma\u00dfgeschneiderte industrielle Applikationen, die Ihre spezifischen Anforderungen erf\u00fcllen. Unser Schwerpunkt liegt auf der Optischen erfassung von Teilen oder Produktzust\u00e4nden f\u00fcr die Automatisierte KI basierende Qualit\u00e4tskontrolle oder die Automatisierte Steuerung Ihrer Produktionsanlage. Durch den einsatz von KI entstehen L\u00f6sungen, die Ihre Prozesse pr\u00e4zise \u00fcberwachen, analysieren und [&hellip;]<\/p>\n","protected":false},"author":2,"featured_media":0,"parent":0,"menu_order":0,"comment_status":"closed","ping_status":"closed","template":"","meta":{"_uag_custom_page_level_css":"","site-sidebar-layout":"no-sidebar","site-content-layout":"page-builder","ast-site-content-layout":"full-width-container","site-content-style":"default","site-sidebar-style":"default","ast-global-header-display":"","ast-banner-title-visibility":"","ast-main-header-display":"","ast-hfb-above-header-display":"","ast-hfb-below-header-display":"","ast-hfb-mobile-header-display":"","site-post-title":"disabled","ast-breadcrumbs-content":"","ast-featured-img":"disabled","footer-sml-layout":"","theme-transparent-header-meta":"default","adv-header-id-meta":"","stick-header-meta":"","header-above-stick-meta":"","header-main-stick-meta":"","header-below-stick-meta":"","astra-migrate-meta-layouts":"set","ast-page-background-enabled":"default","ast-page-background-meta":{"desktop":{"background-color":"var(--ast-global-color-4)","background-image":"","background-repeat":"repeat","background-position":"center center","background-size":"auto","background-attachment":"scroll","background-type":"","background-media":"","overlay-type":"","overlay-color":"","overlay-opacity":"","overlay-gradient":""},"tablet":{"background-color":"","background-image":"","background-repeat":"repeat","background-position":"center center","background-size":"auto","background-attachment":"scroll","background-type":"","background-media":"","overlay-type":"","overlay-color":"","overlay-opacity":"","overlay-gradient":""},"mobile":{"background-color":"","background-image":"","background-repeat":"repeat","background-position":"center center","background-size":"auto","background-attachment":"scroll","background-type":"","background-media":"","overlay-type":"","overlay-color":"","overlay-opacity":"","overlay-gradient":""}},"ast-content-background-meta":{"desktop":{"background-color":"var(--ast-global-color-5)","background-image":"","background-repeat":"repeat","background-position":"center center","background-size":"auto","background-attachment":"scroll","background-type":"","background-media":"","overlay-type":"","overlay-color":"","overlay-opacity":"","overlay-gradient":""},"tablet":{"background-color":"var(--ast-global-color-5)","background-image":"","background-repeat":"repeat","background-position":"center center","background-size":"auto","background-attachment":"scroll","background-type":"","background-media":"","overlay-type":"","overlay-color":"","overlay-opacity":"","overlay-gradient":""},"mobile":{"background-color":"var(--ast-global-color-5)","background-image":"","background-repeat":"repeat","background-position":"center center","background-size":"auto","background-attachment":"scroll","background-type":"","background-media":"","overlay-type":"","overlay-color":"","overlay-opacity":"","overlay-gradient":""}},"footnotes":""},"class_list":["post-2086","page","type-page","status-publish","hentry"],"uagb_featured_image_src":{"full":false,"thumbnail":false,"medium":false,"medium_large":false,"large":false,"1536x1536":false,"2048x2048":false},"uagb_author_info":{"display_name":"Marivic Bernaldo","author_link":"https:\/\/procon.tv\/home\/author\/m-bernaldo\/"},"uagb_comment_info":0,"uagb_excerpt":"Individuelle Applikationsentwicklung f\u00fcr die Industrie \u2013 Kameragest\u00fctzte Qualit\u00e4ts\u00fcberwachung Wir entwickeln ma\u00dfgeschneiderte industrielle Applikationen, die Ihre spezifischen Anforderungen erf\u00fcllen. Unser Schwerpunkt liegt auf der Optischen erfassung von Teilen oder Produktzust\u00e4nden f\u00fcr die Automatisierte KI basierende Qualit\u00e4tskontrolle oder die Automatisierte Steuerung Ihrer Produktionsanlage. Durch den einsatz von KI entstehen L\u00f6sungen, die Ihre Prozesse pr\u00e4zise \u00fcberwachen, analysieren und&hellip;","_links":{"self":[{"href":"https:\/\/procon.tv\/home\/wp-json\/wp\/v2\/pages\/2086","targetHints":{"allow":["GET"]}}],"collection":[{"href":"https:\/\/procon.tv\/home\/wp-json\/wp\/v2\/pages"}],"about":[{"href":"https:\/\/procon.tv\/home\/wp-json\/wp\/v2\/types\/page"}],"author":[{"embeddable":true,"href":"https:\/\/procon.tv\/home\/wp-json\/wp\/v2\/users\/2"}],"replies":[{"embeddable":true,"href":"https:\/\/procon.tv\/home\/wp-json\/wp\/v2\/comments?post=2086"}],"version-history":[{"count":94,"href":"https:\/\/procon.tv\/home\/wp-json\/wp\/v2\/pages\/2086\/revisions"}],"predecessor-version":[{"id":10893,"href":"https:\/\/procon.tv\/home\/wp-json\/wp\/v2\/pages\/2086\/revisions\/10893"}],"wp:attachment":[{"href":"https:\/\/procon.tv\/home\/wp-json\/wp\/v2\/media?parent=2086"}],"curies":[{"name":"wp","href":"https:\/\/api.w.org\/{rel}","templated":true}]}}