{"id":9737,"date":"2025-10-21T11:13:29","date_gmt":"2025-10-21T09:13:29","guid":{"rendered":"https:\/\/procon.tv\/home\/?page_id=9737"},"modified":"2025-10-23T11:47:09","modified_gmt":"2025-10-23T09:47:09","slug":"taskknitter","status":"publish","type":"page","link":"https:\/\/procon.tv\/home\/taskknitter\/","title":{"rendered":"Taskknitter"},"content":{"rendered":"\t\t<div data-elementor-type=\"wp-page\" data-elementor-id=\"9737\" class=\"elementor elementor-9737\">\n\t\t\t\t<div class=\"elementor-element elementor-element-53a6eb3 e-flex e-con-boxed e-con e-parent\" data-id=\"53a6eb3\" data-element_type=\"container\" data-e-type=\"container\">\n\t\t\t\t\t<div class=\"e-con-inner\">\n\t\t\t\t<div class=\"elementor-element elementor-element-3ba0ce2 elementor-widget elementor-widget-button\" data-id=\"3ba0ce2\" data-element_type=\"widget\" data-e-type=\"widget\" data-widget_type=\"button.default\">\n\t\t\t\t<div class=\"elementor-widget-container\">\n\t\t\t\t\t\t\t\t\t<div class=\"elementor-button-wrapper\">\n\t\t\t\t\t<a class=\"elementor-button elementor-button-link elementor-size-sm\" href=\"https:\/\/app.tasknitter.com\/landing\">\n\t\t\t\t\t\t<span class=\"elementor-button-content-wrapper\">\n\t\t\t\t\t\t\t\t\t<span class=\"elementor-button-text\">Task\u00b2nitter<\/span>\n\t\t\t\t\t<\/span>\n\t\t\t\t\t<\/a>\n\t\t\t\t<\/div>\n\t\t\t\t\t\t\t\t<\/div>\n\t\t\t\t<\/div>\n\t\t\t\t<div class=\"elementor-element elementor-element-d20dc23 elementor-widget elementor-widget-text-editor\" data-id=\"d20dc23\" data-element_type=\"widget\" data-e-type=\"widget\" data-widget_type=\"text-editor.default\">\n\t\t\t\t<div class=\"elementor-widget-container\">\n\t\t\t\t\t\t\t\t\t<p>Dezentrales KI-basiertes Service und Wartungssystem<\/p>\t\t\t\t\t\t\t\t<\/div>\n\t\t\t\t<\/div>\n\t\t\t\t<div class=\"elementor-element elementor-element-55e6d3b elementor-widget elementor-widget-text-editor\" data-id=\"55e6d3b\" data-element_type=\"widget\" data-e-type=\"widget\" data-widget_type=\"text-editor.default\">\n\t\t\t\t<div class=\"elementor-widget-container\">\n\t\t\t\t\t\t\t\t\t<p>Generating service Tasks \u2013 Manage \u2013 Distribute \u2013 Analyze History &#8211; communicate<\/p>\t\t\t\t\t\t\t\t<\/div>\n\t\t\t\t<\/div>\n\t\t\t\t\t<\/div>\n\t\t\t\t<\/div>\n\t\t<div class=\"elementor-element elementor-element-d067324 e-flex e-con-boxed e-con e-parent\" data-id=\"d067324\" data-element_type=\"container\" data-e-type=\"container\" data-settings=\"{&quot;background_background&quot;:&quot;classic&quot;}\">\n\t\t\t\t\t<div class=\"e-con-inner\">\n\t\t\t\t<div class=\"elementor-element elementor-element-d5389e8 elementor-widget elementor-widget-image\" data-id=\"d5389e8\" data-element_type=\"widget\" data-e-type=\"widget\" data-widget_type=\"image.default\">\n\t\t\t\t<div class=\"elementor-widget-container\">\n\t\t\t\t\t\t\t\t\t\t\t\t\t\t\t\t<a href=\"https:\/\/app.tasknitter.com\/landing\">\n\t\t\t\t\t\t\t<img fetchpriority=\"high\" decoding=\"async\" width=\"768\" height=\"768\" src=\"https:\/\/procon.tv\/home\/wp-content\/uploads\/2025\/10\/2-8-768x768.jpg\" class=\"attachment-medium_large size-medium_large wp-image-9842\" alt=\"\" srcset=\"https:\/\/procon.tv\/home\/wp-content\/uploads\/2025\/10\/2-8-768x768.jpg 768w, https:\/\/procon.tv\/home\/wp-content\/uploads\/2025\/10\/2-8-300x300.jpg 300w, https:\/\/procon.tv\/home\/wp-content\/uploads\/2025\/10\/2-8-1024x1024.jpg 1024w, https:\/\/procon.tv\/home\/wp-content\/uploads\/2025\/10\/2-8-150x150.jpg 150w, https:\/\/procon.tv\/home\/wp-content\/uploads\/2025\/10\/2-8.jpg 1080w\" sizes=\"(max-width: 768px) 100vw, 768px\" \/>\t\t\t\t\t\t\t\t<\/a>\n\t\t\t\t\t\t\t\t\t\t\t\t\t\t\t<\/div>\n\t\t\t\t<\/div>\n\t\t\t\t\t<\/div>\n\t\t\t\t<\/div>\n\t\t<div class=\"elementor-element elementor-element-935591f e-flex e-con-boxed e-con e-parent\" data-id=\"935591f\" data-element_type=\"container\" data-e-type=\"container\" data-settings=\"{&quot;background_background&quot;:&quot;classic&quot;}\">\n\t\t\t\t\t<div class=\"e-con-inner\">\n\t\t<div class=\"elementor-element elementor-element-3225330 e-con-full e-flex e-con e-child\" data-id=\"3225330\" data-element_type=\"container\" data-e-type=\"container\" data-settings=\"{&quot;background_background&quot;:&quot;classic&quot;}\">\n\t\t\t\t<div class=\"elementor-element elementor-element-44c1940 elementor-widget elementor-widget-heading\" data-id=\"44c1940\" data-element_type=\"widget\" data-e-type=\"widget\" data-widget_type=\"heading.default\">\n\t\t\t\t<div class=\"elementor-widget-container\">\n\t\t\t\t\t<h2 class=\"elementor-heading-title elementor-size-default\">Problemstellung in der Industrie bei der KI unterst\u00fctzten Wartung<\/h2>\t\t\t\t<\/div>\n\t\t\t\t<\/div>\n\t\t\t\t<div class=\"elementor-element elementor-element-cda77a8 elementor-widget elementor-widget-text-editor\" data-id=\"cda77a8\" data-element_type=\"widget\" data-e-type=\"widget\" data-widget_type=\"text-editor.default\">\n\t\t\t\t<div class=\"elementor-widget-container\">\n\t\t\t\t\t\t\t\t\t<ul><li>Maschinenwartung erfolgt h\u00e4ufig reaktiv unkoordiniert oder nach festen Intervallen.<\/li><li>Zentrale KI-Systeme sind oft zu tr\u00e4ge, unsicher oder unflexibel.<\/li><li>Hohe Installationskosten bei Zentraler KI, Unflexible KI Modelle<\/li><li>Aufwendige Nachr\u00fcstung in vorhandenem Produktionsprozessen bei Zentraler KI<\/li><li>Datenschutzprobleme bremsen Vernetzung<\/li><li>Aufwendiges KI Datenmodell<\/li><li>Keine Integration von Mobilen Assets (Fahrzeuge, Fahrerlose Transportsysteme, etc.)<\/li><li>Nachhaltigkeitsaspekte Energieeffizienz und CO\u2082-Reduktion werden kaum ber\u00fccksichtigt<\/li><li>Kein Task management und Wartungsdistribution an Service Techniker.<\/li><\/ul>\t\t\t\t\t\t\t\t<\/div>\n\t\t\t\t<\/div>\n\t\t\t\t<\/div>\n\t\t<div class=\"elementor-element elementor-element-717b07a e-con-full e-flex e-con e-child\" data-id=\"717b07a\" data-element_type=\"container\" data-e-type=\"container\" data-settings=\"{&quot;background_background&quot;:&quot;classic&quot;}\">\n\t\t\t\t<div class=\"elementor-element elementor-element-974a583 elementor-widget elementor-widget-heading\" data-id=\"974a583\" data-element_type=\"widget\" data-e-type=\"widget\" data-widget_type=\"heading.default\">\n\t\t\t\t<div class=\"elementor-widget-container\">\n\t\t\t\t\t<h2 class=\"elementor-heading-title elementor-size-default\">Unsere L\u00f6sung: Dezentrale KI und Smart Maintenance<\/h2>\t\t\t\t<\/div>\n\t\t\t\t<\/div>\n\t\t\t\t<div class=\"elementor-element elementor-element-f837c8c elementor-widget elementor-widget-text-editor\" data-id=\"f837c8c\" data-element_type=\"widget\" data-e-type=\"widget\" data-widget_type=\"text-editor.default\">\n\t\t\t\t<div class=\"elementor-widget-container\">\n\t\t\t\t\t\t\t\t\t<ul><li>Task\u00b2nitter nutzt dezentrale KI-Module direkt an der Maschine (Edge AI).<\/li><li>Jede Maschine analysiert ihre eigenen Daten lokal in Echtzeit.<\/li><li>Das System erstellt an Der Maschine automatisch Wartungsempfehlungen und Serviceaufgaben (Service Task).<\/li><li>Alle Informationen flie\u00dfen in ein zentrales Management- und Planungstool<\/li><li>Alle Task Informationen werden in eine Task Historie Gespeichert<\/li><li>Tasks k\u00f6nnen nach Schwerpunkten Analysiert und ausgewertet werden<\/li><li>Daten\u00fcbergabe an \u00fcbergeordnete Systeme (ERP, SCADA, etc.).<\/li><\/ul>\t\t\t\t\t\t\t\t<\/div>\n\t\t\t\t<\/div>\n\t\t\t\t<\/div>\n\t\t<div class=\"elementor-element elementor-element-66ea4e4 e-con-full e-flex e-con e-child\" data-id=\"66ea4e4\" data-element_type=\"container\" data-e-type=\"container\" data-settings=\"{&quot;background_background&quot;:&quot;classic&quot;}\">\n\t\t\t\t<div class=\"elementor-element elementor-element-8ba4bcf elementor-widget elementor-widget-heading\" data-id=\"8ba4bcf\" data-element_type=\"widget\" data-e-type=\"widget\" data-widget_type=\"heading.default\">\n\t\t\t\t<div class=\"elementor-widget-container\">\n\t\t\t\t\t<h2 class=\"elementor-heading-title elementor-size-default\">Vorteile f\u00fcr Kunden und Betreiber<\/h2>\t\t\t\t<\/div>\n\t\t\t\t<\/div>\n\t\t\t\t<div class=\"elementor-element elementor-element-3845714 elementor-widget elementor-widget-text-editor\" data-id=\"3845714\" data-element_type=\"widget\" data-e-type=\"widget\" data-widget_type=\"text-editor.default\">\n\t\t\t\t<div class=\"elementor-widget-container\">\n\t\t\t\t\t\t\t\t\t<ul><li>H\u00f6here Maschinenverf\u00fcgbarkeit und geringere Stillstandszeiten<\/li><li>Deutlich reduzierte Wartungskosten durch vorausschauende Planung<\/li><li>Transparente Daten und Wartungshistorie<\/li><li>Verbesserte Energieeffizienz und CO\u2082-Bilanz<\/li><li>Erh\u00f6hte Lebensdauer der Anlagen<\/li><li>Vollst\u00e4ndig integrierbar in bestehende Serviceprozesse<\/li><li>Messbarkeit des Wartungsprozess<\/li><li>Einsparungen und schneller ROI<\/li><\/ul>\t\t\t\t\t\t\t\t<\/div>\n\t\t\t\t<\/div>\n\t\t\t\t<\/div>\n\t\t\t\t\t<\/div>\n\t\t\t\t<\/div>\n\t\t<div class=\"elementor-element elementor-element-fa2a2bd e-flex e-con-boxed e-con e-parent\" data-id=\"fa2a2bd\" data-element_type=\"container\" data-e-type=\"container\" data-settings=\"{&quot;background_background&quot;:&quot;classic&quot;}\">\n\t\t\t\t\t<div class=\"e-con-inner\">\n\t\t<div class=\"elementor-element elementor-element-4fba2fa e-con-full e-flex e-con e-child\" data-id=\"4fba2fa\" data-element_type=\"container\" data-e-type=\"container\" data-settings=\"{&quot;background_background&quot;:&quot;classic&quot;}\">\n\t\t\t\t<div class=\"elementor-element elementor-element-1401401 elementor-widget elementor-widget-heading\" data-id=\"1401401\" data-element_type=\"widget\" data-e-type=\"widget\" data-widget_type=\"heading.default\">\n\t\t\t\t<div class=\"elementor-widget-container\">\n\t\t\t\t\t<h2 class=\"elementor-heading-title elementor-size-default\">Stakeholder und Nutzen im Unternehmen<\/h2>\t\t\t\t<\/div>\n\t\t\t\t<\/div>\n\t\t\t\t<div class=\"elementor-element elementor-element-c71b1aa elementor-widget elementor-widget-text-editor\" data-id=\"c71b1aa\" data-element_type=\"widget\" data-e-type=\"widget\" data-widget_type=\"text-editor.default\">\n\t\t\t\t<div class=\"elementor-widget-container\">\n\t\t\t\t\t\t\t\t\t<ul><li>Service-Abteilung: Echtzeitinfos, automatisierte Einsatzplanung<\/li><li>Service-Manager: Ressourcenoptimierung Einsatzoptimierung<\/li><li>Einkauf: Fr\u00fchzeitige Planung, geringere Lagerkosten<\/li><li>Finanzen: Transparente Kostenanalysen<\/li><li>Produktionssteuerung: Planbare Wartungsfenster<\/li><li>Gesch\u00e4ftsf\u00fchrung: \u00dcbersicht \u00fcber Kosten, Energie, CO\u2082<\/li><li>Vertrieb: Alleinstellungsmerkmal und Produktdifferenzierung<\/li><\/ul>\t\t\t\t\t\t\t\t<\/div>\n\t\t\t\t<\/div>\n\t\t\t\t<\/div>\n\t\t<div class=\"elementor-element elementor-element-100d5f4 e-con-full e-flex e-con e-child\" data-id=\"100d5f4\" data-element_type=\"container\" data-e-type=\"container\" data-settings=\"{&quot;background_background&quot;:&quot;classic&quot;}\">\n\t\t\t\t<div class=\"elementor-element elementor-element-62fa16e elementor-widget elementor-widget-heading\" data-id=\"62fa16e\" data-element_type=\"widget\" data-e-type=\"widget\" data-widget_type=\"heading.default\">\n\t\t\t\t<div class=\"elementor-widget-container\">\n\t\t\t\t\t<h2 class=\"elementor-heading-title elementor-size-default\">Systemarchitektur und Komponenten<\/h2>\t\t\t\t<\/div>\n\t\t\t\t<\/div>\n\t\t\t\t<div class=\"elementor-element elementor-element-a9c4f37 elementor-widget elementor-widget-text-editor\" data-id=\"a9c4f37\" data-element_type=\"widget\" data-e-type=\"widget\" data-widget_type=\"text-editor.default\">\n\t\t\t\t<div class=\"elementor-widget-container\">\n\t\t\t\t\t\t\t\t\t<ul><li>KI-Module auf Maschinenebene (Edge AI serviceKnitter Hardware)<\/li><li>Zentrales Management- und Planungssystem (Task\u00b2nitter Management Tool)<\/li><li>Mobile App f\u00fcr Servicetechniker (Mobil App)<\/li><li>Kommunikation \u00fcber OPC UA, MQTT, TCP\/IP und weitere Standards<\/li><li>LAN, WLAN, LORA,<\/li><li>Cloud basierend oder Lokale Serverinstallation<\/li><li>Schnittstellen zu ERP-Systemen (z. B. SAP, Pro Alpha, Microsoft Dynamics)<\/li><li>Automatische Einsatzplanung und Aufgabenverteilung<\/li><\/ul>\t\t\t\t\t\t\t\t<\/div>\n\t\t\t\t<\/div>\n\t\t\t\t<\/div>\n\t\t<div class=\"elementor-element elementor-element-bceb3dc e-con-full e-flex e-con e-child\" data-id=\"bceb3dc\" data-element_type=\"container\" data-e-type=\"container\" data-settings=\"{&quot;background_background&quot;:&quot;classic&quot;}\">\n\t\t\t\t<div class=\"elementor-element elementor-element-8ed71c6 elementor-widget elementor-widget-heading\" data-id=\"8ed71c6\" data-element_type=\"widget\" data-e-type=\"widget\" data-widget_type=\"heading.default\">\n\t\t\t\t<div class=\"elementor-widget-container\">\n\t\t\t\t\t<h2 class=\"elementor-heading-title elementor-size-default\">Nachhaltigkeit und Effizienz\n\n<\/h2>\t\t\t\t<\/div>\n\t\t\t\t<\/div>\n\t\t\t\t<div class=\"elementor-element elementor-element-3064c86 elementor-widget elementor-widget-text-editor\" data-id=\"3064c86\" data-element_type=\"widget\" data-e-type=\"widget\" data-widget_type=\"text-editor.default\">\n\t\t\t\t<div class=\"elementor-widget-container\">\n\t\t\t\t\t\t\t\t\t<ul><li>Task\u00b2nitter ber\u00fccksichtigt nicht nur technische Zust\u00e4nde,<br \/>sondern auch energetische und \u00f6kologische Faktoren:<\/li><li>Energieverbrauchsoptimierung im laufenden Betrieb<\/li><li>Minimierung von Ersatzteil- und Materialverbrauch<\/li><li>Berechnung und Reduktion der CO\u2082-Bilanz<\/li><li>Nachhaltige Wartungsstrategien f\u00fcr maximale Lebensdauer<\/li><\/ul>\t\t\t\t\t\t\t\t<\/div>\n\t\t\t\t<\/div>\n\t\t\t\t<\/div>\n\t\t\t\t\t<\/div>\n\t\t\t\t<\/div>\n\t\t<div class=\"elementor-element elementor-element-a0c1041 e-flex e-con-boxed e-con e-parent\" data-id=\"a0c1041\" data-element_type=\"container\" data-e-type=\"container\" data-settings=\"{&quot;background_background&quot;:&quot;classic&quot;}\">\n\t\t\t\t\t<div class=\"e-con-inner\">\n\t\t<div class=\"elementor-element elementor-element-c979fda e-con-full e-flex e-con e-child\" data-id=\"c979fda\" data-element_type=\"container\" data-e-type=\"container\" data-settings=\"{&quot;background_background&quot;:&quot;classic&quot;}\">\n\t\t\t\t<div class=\"elementor-element elementor-element-28520da elementor-widget elementor-widget-heading\" data-id=\"28520da\" data-element_type=\"widget\" data-e-type=\"widget\" data-widget_type=\"heading.default\">\n\t\t\t\t<div class=\"elementor-widget-container\">\n\t\t\t\t\t<h2 class=\"elementor-heading-title elementor-size-default\">Integration und Kompatibilit\u00e4t<\/h2>\t\t\t\t<\/div>\n\t\t\t\t<\/div>\n\t\t\t\t<div class=\"elementor-element elementor-element-56ae1ac elementor-widget elementor-widget-text-editor\" data-id=\"56ae1ac\" data-element_type=\"widget\" data-e-type=\"widget\" data-widget_type=\"text-editor.default\">\n\t\t\t\t<div class=\"elementor-widget-container\">\n\t\t\t\t\t\t\t\t\t<ul><li>Nahtlose Anbindung an g\u00e4ngige ERP- und Serviceplattformen<\/li><li>Nutzung offener Kommunikationsstandards (OPC UA, MQTT)<\/li><li>LAN, LORA, WLAN,<\/li><li>API-basierter Datenaustausch \u00fcber Systemgrenzen hinweg<\/li><li>Mobile App f\u00fcr Techniker: Planung, Dokumentation, R\u00fcckmeldung<\/li><li>Sichere Datenhaltung durch dezentrale Verarbeitung<\/li><li>Anbindung an vorhandene Datenbanken<\/li><li>ERP Schnittstellen (SAP, PRO Alpha, etc.)<\/li><\/ul>\t\t\t\t\t\t\t\t<\/div>\n\t\t\t\t<\/div>\n\t\t\t\t<\/div>\n\t\t<div class=\"elementor-element elementor-element-c715df5 e-con-full e-flex e-con e-child\" data-id=\"c715df5\" data-element_type=\"container\" data-e-type=\"container\" data-settings=\"{&quot;background_background&quot;:&quot;classic&quot;}\">\n\t\t\t\t<div class=\"elementor-element elementor-element-fb2ee0f elementor-widget elementor-widget-heading\" data-id=\"fb2ee0f\" data-element_type=\"widget\" data-e-type=\"widget\" data-widget_type=\"heading.default\">\n\t\t\t\t<div class=\"elementor-widget-container\">\n\t\t\t\t\t<h2 class=\"elementor-heading-title elementor-size-default\">Gesch\u00e4ftspotenzial und Investorenperspektive<\/h2>\t\t\t\t<\/div>\n\t\t\t\t<\/div>\n\t\t\t\t<div class=\"elementor-element elementor-element-bb95ae6 elementor-widget elementor-widget-text-editor\" data-id=\"bb95ae6\" data-element_type=\"widget\" data-e-type=\"widget\" data-widget_type=\"text-editor.default\">\n\t\t\t\t<div class=\"elementor-widget-container\">\n\t\t\t\t\t\t\t\t\t<ul><li>Skalierbares System f\u00fcr nahezu jede Produktionsumgebung<\/li><li>Nachr\u00fcstbar<\/li><li>Enormes Marktpotenzial durch steigenden Bedarf an Edge-KI<\/li><li>Reduktion von Betriebskosten und Energieverbrauch als USP<\/li><li>Zukunftssicher dank Industrie-4.0- und Nachhaltigkeitstrends<\/li><li>Erweiterbar auf internationale M\u00e4rkte und Partnersysteme<\/li><li>Nachhaltigkeit<\/li><\/ul>\t\t\t\t\t\t\t\t<\/div>\n\t\t\t\t<\/div>\n\t\t\t\t<\/div>\n\t\t<div class=\"elementor-element elementor-element-2293ba5 e-con-full e-flex e-con e-child\" data-id=\"2293ba5\" data-element_type=\"container\" data-e-type=\"container\" data-settings=\"{&quot;background_background&quot;:&quot;classic&quot;}\">\n\t\t\t\t<div class=\"elementor-element elementor-element-692bb6e elementor-widget elementor-widget-heading\" data-id=\"692bb6e\" data-element_type=\"widget\" data-e-type=\"widget\" data-widget_type=\"heading.default\">\n\t\t\t\t<div class=\"elementor-widget-container\">\n\t\t\t\t\t<h2 class=\"elementor-heading-title elementor-size-default\">Fazit und Ausblick<\/h2>\t\t\t\t<\/div>\n\t\t\t\t<\/div>\n\t\t\t\t<div class=\"elementor-element elementor-element-ca0278c elementor-widget elementor-widget-text-editor\" data-id=\"ca0278c\" data-element_type=\"widget\" data-e-type=\"widget\" data-widget_type=\"text-editor.default\">\n\t\t\t\t<div class=\"elementor-widget-container\">\n\t\t\t\t\t\t\t\t\t<ul><li>Task\u00b2nitter die n\u00e4chste Generation intelligenter Wartungssysteme.<\/li><li>Dezentrale KI,<\/li><li>Nachhaltigkeit und Wirtschaftlichkeit in perfekter Balance.<\/li><li>Kurzfristiger return on Investment<\/li><li>Integrieren und Nachr\u00fcsten in nahezu jedem Produktionsprozess<\/li><li>Schnittstellen f\u00fcr \u00fcbergeordnete ERP Systeme<\/li><\/ul>\t\t\t\t\t\t\t\t<\/div>\n\t\t\t\t<\/div>\n\t\t\t\t<\/div>\n\t\t\t\t\t<\/div>\n\t\t\t\t<\/div>\n\t\t\t\t<\/div>\n\t\t","protected":false},"excerpt":{"rendered":"<p>Task\u00b2nitter Dezentrales KI-basiertes Service und Wartungssystem Generating service Tasks \u2013 Manage \u2013 Distribute \u2013 Analyze History &#8211; communicate Problemstellung in der Industrie bei der KI unterst\u00fctzten Wartung Maschinenwartung erfolgt h\u00e4ufig reaktiv unkoordiniert oder nach festen Intervallen. Zentrale KI-Systeme sind oft zu tr\u00e4ge, unsicher oder unflexibel. Hohe Installationskosten bei Zentraler KI, Unflexible KI Modelle Aufwendige Nachr\u00fcstung [&hellip;]<\/p>\n","protected":false},"author":2,"featured_media":0,"parent":0,"menu_order":0,"comment_status":"closed","ping_status":"closed","template":"","meta":{"_uag_custom_page_level_css":"","site-sidebar-layout":"no-sidebar","site-content-layout":"page-builder","ast-site-content-layout":"full-width-container","site-content-style":"default","site-sidebar-style":"default","ast-global-header-display":"","ast-banner-title-visibility":"","ast-main-header-display":"","ast-hfb-above-header-display":"","ast-hfb-below-header-display":"","ast-hfb-mobile-header-display":"","site-post-title":"","ast-breadcrumbs-content":"","ast-featured-img":"disabled","footer-sml-layout":"","theme-transparent-header-meta":"","adv-header-id-meta":"","stick-header-meta":"","header-above-stick-meta":"","header-main-stick-meta":"","header-below-stick-meta":"","astra-migrate-meta-layouts":"set","ast-page-background-enabled":"default","ast-page-background-meta":{"desktop":{"background-color":"var(--ast-global-color-4)","background-image":"","background-repeat":"repeat","background-position":"center center","background-size":"auto","background-attachment":"scroll","background-type":"","background-media":"","overlay-type":"","overlay-color":"","overlay-opacity":"","overlay-gradient":""},"tablet":{"background-color":"","background-image":"","background-repeat":"repeat","background-position":"center center","background-size":"auto","background-attachment":"scroll","background-type":"","background-media":"","overlay-type":"","overlay-color":"","overlay-opacity":"","overlay-gradient":""},"mobile":{"background-color":"","background-image":"","background-repeat":"repeat","background-position":"center center","background-size":"auto","background-attachment":"scroll","background-type":"","background-media":"","overlay-type":"","overlay-color":"","overlay-opacity":"","overlay-gradient":""}},"ast-content-background-meta":{"desktop":{"background-color":"var(--ast-global-color-5)","background-image":"","background-repeat":"repeat","background-position":"center center","background-size":"auto","background-attachment":"scroll","background-type":"","background-media":"","overlay-type":"","overlay-color":"","overlay-opacity":"","overlay-gradient":""},"tablet":{"background-color":"var(--ast-global-color-5)","background-image":"","background-repeat":"repeat","background-position":"center center","background-size":"auto","background-attachment":"scroll","background-type":"","background-media":"","overlay-type":"","overlay-color":"","overlay-opacity":"","overlay-gradient":""},"mobile":{"background-color":"var(--ast-global-color-5)","background-image":"","background-repeat":"repeat","background-position":"center center","background-size":"auto","background-attachment":"scroll","background-type":"","background-media":"","overlay-type":"","overlay-color":"","overlay-opacity":"","overlay-gradient":""}},"footnotes":""},"class_list":["post-9737","page","type-page","status-publish","hentry"],"uagb_featured_image_src":{"full":false,"thumbnail":false,"medium":false,"medium_large":false,"large":false,"1536x1536":false,"2048x2048":false},"uagb_author_info":{"display_name":"Marivic Bernaldo","author_link":"https:\/\/procon.tv\/home\/author\/m-bernaldo\/"},"uagb_comment_info":0,"uagb_excerpt":"Task\u00b2nitter Dezentrales KI-basiertes Service und Wartungssystem Generating service Tasks \u2013 Manage \u2013 Distribute \u2013 Analyze History &#8211; communicate Problemstellung in der Industrie bei der KI unterst\u00fctzten Wartung Maschinenwartung erfolgt h\u00e4ufig reaktiv unkoordiniert oder nach festen Intervallen. Zentrale KI-Systeme sind oft zu tr\u00e4ge, unsicher oder unflexibel. Hohe Installationskosten bei Zentraler KI, Unflexible KI Modelle Aufwendige Nachr\u00fcstung&hellip;","_links":{"self":[{"href":"https:\/\/procon.tv\/home\/wp-json\/wp\/v2\/pages\/9737","targetHints":{"allow":["GET"]}}],"collection":[{"href":"https:\/\/procon.tv\/home\/wp-json\/wp\/v2\/pages"}],"about":[{"href":"https:\/\/procon.tv\/home\/wp-json\/wp\/v2\/types\/page"}],"author":[{"embeddable":true,"href":"https:\/\/procon.tv\/home\/wp-json\/wp\/v2\/users\/2"}],"replies":[{"embeddable":true,"href":"https:\/\/procon.tv\/home\/wp-json\/wp\/v2\/comments?post=9737"}],"version-history":[{"count":916,"href":"https:\/\/procon.tv\/home\/wp-json\/wp\/v2\/pages\/9737\/revisions"}],"predecessor-version":[{"id":10804,"href":"https:\/\/procon.tv\/home\/wp-json\/wp\/v2\/pages\/9737\/revisions\/10804"}],"wp:attachment":[{"href":"https:\/\/procon.tv\/home\/wp-json\/wp\/v2\/media?parent=9737"}],"curies":[{"name":"wp","href":"https:\/\/api.w.org\/{rel}","templated":true}]}}